{"id":140,"date":"2020-09-02T20:53:10","date_gmt":"2020-09-02T20:53:10","guid":{"rendered":"http:\/\/localhost\/hyphen\/events\/?page_id=5"},"modified":"2020-09-02T20:53:10","modified_gmt":"2020-09-02T20:53:10","slug":"home","status":"publish","type":"page","link":"https:\/\/hy-phen.space\/events\/","title":{"rendered":"Home"},"content":{"rendered":"<div id=\"metaslider-id-12\" style=\"width: 100%; margin: 0 auto;\" class=\"ml-slider-3-99-0 metaslider metaslider-flex metaslider-12 ml-slider metaslide ms-theme-default\" role=\"region\" aria-label=\"Events Home\">\n    <div id=\"metaslider_container_12\">\n        <div id=\"metaslider_12\">\n            <ul class='slides'>\n                <li style=\"display: block; width: 100%;\" class=\"slide-16 ms-image \" aria-roledescription=\"slide\" data-date=\"2020-09-02 22:08:41\"><a href=\".\/events\/events\/in-conversation-veronica-posada-alvarez-and-arne-sjogren\/\" target=\"_self\" aria-label=\"View Slide Details\" class=\"metaslider_image_link\"><img src=\"https:\/\/hy-phen.space\/events\/wp-content\/uploads\/sites\/6\/2022\/03\/Vironica_Pasadas-Spores_Arne_Sjogre-Sunset_Block-4-scaled-0x0.jpg\" height=\"0\" width=\"0\" alt=\"\" class=\"slider-12 slide-16 msDefaultImage\" \/><\/a><div class=\"caption-wrap\"><div class=\"caption\">In conversation: Ver\u00f3nica Posada \u00c1lvarez and Arne Sj\u00f6gren<br \/>March 12, 2022 1:00pm<\/div><\/div><\/li>\n                <li style=\"display: none; width: 100%;\" class=\"slide-14 ms-image \" aria-roledescription=\"slide\" data-date=\"2020-09-02 22:08:15\"><a href=\".\/events\/events\/in-conversation-harry-meadows-and-sensory-design-lab-moderated-by-monika-jaeckel\/\" target=\"_self\" aria-label=\"View Slide Details\" class=\"metaslider_image_link\"><img src=\"https:\/\/hy-phen.space\/events\/wp-content\/uploads\/sites\/6\/2022\/02\/Harry_Meadows\u2013Whippy_Sensory_Design_Studio-Sounds_and_Sweet_Airs_2-scaled-0x0.jpg\" height=\"0\" width=\"0\" alt=\"\" class=\"slider-12 slide-14 msDefaultImage\" \/><\/a><div class=\"caption-wrap\"><div class=\"caption\">In conversation: Harry Meadows and Sensory Design Studio<br \/>March 9, 2022 5:00pm<\/div><\/div><\/li>\n                <li style=\"display: none; width: 100%;\" class=\"slide-148 ms-image \" aria-roledescription=\"slide\" data-date=\"2020-09-03 19:53:08\"><a href=\".\/events\/events\/hyphen-colloquium-cloud-sediments\/\" target=\"_self\" aria-label=\"View Slide Details\" class=\"metaslider_image_link\"><img src=\"https:\/\/hy-phen.space\/events\/wp-content\/uploads\/sites\/6\/2022\/02\/Lydia_Halcrow-Tread_Lightly_Figure_1_Abandoned_Ship-scaled-0x0.jpg\" height=\"0\" width=\"0\" alt=\"\" class=\"slider-12 slide-148 msDefaultImage\" title=\"Lydia_Halcrow-Tread_Lightly_Figure_1_Abandoned_Ship\" \/><\/a><div class=\"caption-wrap\"><div class=\"caption\">Hyphen Colloquium: Cloud Sediments<br \/>March 10, 2022 11:00am<\/div><\/div><\/li>\n            <\/ul>\n        <\/div>\n        \n    <\/div>\n<\/div>\n","protected":false},"excerpt":{"rendered":"","protected":false},"author":1,"featured_media":0,"parent":0,"menu_order":0,"comment_status":"closed","ping_status":"closed","template":"page-templates\/events-homepage.php","meta":{"_monsterinsights_skip_tracking":false,"_monsterinsights_sitenote_active":false,"_monsterinsights_sitenote_note":"","_monsterinsights_sitenote_category":0,"_FSMCFIC_featured_image_caption":"","_FSMCFIC_featured_image_nocaption":"","_FSMCFIC_featured_image_hide":""},"_links":{"self":[{"href":"https:\/\/hy-phen.space\/events\/wp-json\/wp\/v2\/pages\/140"}],"collection":[{"href":"https:\/\/hy-phen.space\/events\/wp-json\/wp\/v2\/pages"}],"about":[{"href":"https:\/\/hy-phen.space\/events\/wp-json\/wp\/v2\/types\/page"}],"author":[{"embeddable":true,"href":"https:\/\/hy-phen.space\/events\/wp-json\/wp\/v2\/users\/1"}],"replies":[{"embeddable":true,"href":"https:\/\/hy-phen.space\/events\/wp-json\/wp\/v2\/comments?post=140"}],"version-history":[{"count":0,"href":"https:\/\/hy-phen.space\/events\/wp-json\/wp\/v2\/pages\/140\/revisions"}],"wp:attachment":[{"href":"https:\/\/hy-phen.space\/events\/wp-json\/wp\/v2\/media?parent=140"}],"curies":[{"name":"wp","href":"https:\/\/api.w.org\/{rel}","templated":true}]}}